{"id":223,"date":"2024-03-04T16:36:25","date_gmt":"2024-03-04T15:36:25","guid":{"rendered":"http:\/\/103.23.61.131\/~cayt5re4\/administracion-de-fincas\/"},"modified":"2025-05-23T10:26:41","modified_gmt":"2025-05-23T08:26:41","slug":"administracio-de-finques","status":"publish","type":"page","link":"https:\/\/www.carrocfincas.com\/ca\/administracio-de-finques\/","title":{"rendered":"Administraci\u00f3 de finques"},"content":{"rendered":"\t\t<div data-elementor-type=\"wp-page\" data-elementor-id=\"223\" class=\"elementor elementor-223 elementor-73\" data-elementor-post-type=\"page\">\n\t\t\t\t<div class=\"elementor-element elementor-element-c76a546 e-con-full e-flex e-con e-parent\" data-id=\"c76a546\" data-element_type=\"container\" data-settings=\"{&quot;background_background&quot;:&quot;classic&quot;}\">\n\t\t<div class=\"elementor-element elementor-element-1afe273 e-con-full e-flex e-con e-child\" data-id=\"1afe273\" data-element_type=\"container\" data-settings=\"{&quot;background_background&quot;:&quot;classic&quot;}\">\n\t\t\t\t<div class=\"elementor-element elementor-element-51ebadc elementor-widget elementor-widget-heading\" data-id=\"51ebadc\" data-element_type=\"widget\" data-widget_type=\"heading.default\">\n\t\t\t\t<div class=\"elementor-widget-container\">\n\t\t\t<h2 class=\"elementor-heading-title elementor-size-default\">LA TEVA COMUNITAT EN BONES MANS<\/h2>\t\t<\/div>\n\t\t\t\t<\/div>\n\t\t\t\t<div class=\"elementor-element elementor-element-bc4087c elementor-widget elementor-widget-text-editor\" data-id=\"bc4087c\" data-element_type=\"widget\" data-widget_type=\"text-editor.default\">\n\t\t\t\t<div class=\"elementor-widget-container\">\n\t\t\t\t\t\t\t<p>Sabem que els habitatges s\u00f3n la principal inversi\u00f3 de les fam\u00edlies. Per aix\u00f2, el nostre principal objectiu \u00e9s `reservar el seu valor assegurant un correcte manteniment i funcionament de tots els serveis.<\/p>\t\t\t\t\t\t<\/div>\n\t\t\t\t<\/div>\n\t\t\t\t<\/div>\n\t\t\t\t<\/div>\n\t\t<div class=\"elementor-element elementor-element-f4fabd8 e-con-full e-flex e-con e-parent\" data-id=\"f4fabd8\" data-element_type=\"container\" data-settings=\"{&quot;background_background&quot;:&quot;classic&quot;}\">\n\t\t\t\t<div class=\"elementor-element elementor-element-75e63e2 elementor-widget elementor-widget-heading\" data-id=\"75e63e2\" data-element_type=\"widget\" data-widget_type=\"heading.default\">\n\t\t\t\t<div class=\"elementor-widget-container\">\n\t\t\t<h2 class=\"elementor-heading-title elementor-size-default\">CONVOCAT\u00d2RIES<\/h2>\t\t<\/div>\n\t\t\t\t<\/div>\n\t\t\t\t<div class=\"elementor-element elementor-element-5532e49 elementor-widget elementor-widget-text-editor\" data-id=\"5532e49\" data-element_type=\"widget\" data-widget_type=\"text-editor.default\">\n\t\t\t\t<div class=\"elementor-widget-container\">\n\t\t\t\t\t\t\t<p>Realitzaci\u00f3 i emissi\u00f3 de convocat\u00f2ries tant ordin\u00e0ries com extraordin\u00e0ries.<\/p>\t\t\t\t\t\t<\/div>\n\t\t\t\t<\/div>\n\t\t\t\t<\/div>\n\t\t<div class=\"elementor-element elementor-element-5c6f213 e-con-full e-flex e-con e-parent\" data-id=\"5c6f213\" data-element_type=\"container\" data-settings=\"{&quot;background_background&quot;:&quot;classic&quot;}\">\n\t\t\t\t<div class=\"elementor-element elementor-element-ca72b33 elementor-widget elementor-widget-heading\" data-id=\"ca72b33\" data-element_type=\"widget\" data-widget_type=\"heading.default\">\n\t\t\t\t<div class=\"elementor-widget-container\">\n\t\t\t<h2 class=\"elementor-heading-title elementor-size-default\">ASSIST\u00c8NCIA<\/h2>\t\t<\/div>\n\t\t\t\t<\/div>\n\t\t\t\t<div class=\"elementor-element elementor-element-88cedc3 elementor-widget elementor-widget-text-editor\" data-id=\"88cedc3\" data-element_type=\"widget\" data-widget_type=\"text-editor.default\">\n\t\t\t\t<div class=\"elementor-widget-container\">\n\t\t\t\t\t\t\t<p>Assist\u00e8ncia de l&#8217;administrador de finques o persona autoritzada a les juntes, elevant i signant l&#8217;acta de reuni\u00f3, i transmetent-la al llibre d&#8217;actes, posteriorment enviant-la als propietaris.<\/p>\t\t\t\t\t\t<\/div>\n\t\t\t\t<\/div>\n\t\t\t\t<\/div>\n\t\t<div class=\"elementor-element elementor-element-391a266 e-con-full e-flex e-con e-parent\" data-id=\"391a266\" data-element_type=\"container\" data-settings=\"{&quot;background_background&quot;:&quot;classic&quot;}\">\n\t\t\t\t<div class=\"elementor-element elementor-element-edf5879 elementor-widget elementor-widget-heading\" data-id=\"edf5879\" data-element_type=\"widget\" data-widget_type=\"heading.default\">\n\t\t\t\t<div class=\"elementor-widget-container\">\n\t\t\t<h2 class=\"elementor-heading-title elementor-size-default\">REDACCI\u00d3 I EMISSI\u00d3<\/h2>\t\t<\/div>\n\t\t\t\t<\/div>\n\t\t\t\t<div class=\"elementor-element elementor-element-76ee240 elementor-widget elementor-widget-text-editor\" data-id=\"76ee240\" data-element_type=\"widget\" data-widget_type=\"text-editor.default\">\n\t\t\t\t<div class=\"elementor-widget-container\">\n\t\t\t\t\t\t\t<p>Redacci\u00f3 i emissi\u00f3 de tota mena de documents (cartes, escrits, sol\u00b7licituds, inst\u00e0ncies o notificacions escrites) que siguin necess\u00e0ries redactar i emetre els propietaris, prove\u00efdors, entitats privades, etc.<\/p>\t\t\t\t\t\t<\/div>\n\t\t\t\t<\/div>\n\t\t\t\t<\/div>\n\t\t<div class=\"elementor-element elementor-element-aed3e13 e-con-full e-flex e-con e-parent\" data-id=\"aed3e13\" data-element_type=\"container\" data-settings=\"{&quot;background_background&quot;:&quot;classic&quot;}\">\n\t\t\t\t<div class=\"elementor-element elementor-element-8cdff6e elementor-widget elementor-widget-heading\" data-id=\"8cdff6e\" data-element_type=\"widget\" data-widget_type=\"heading.default\">\n\t\t\t\t<div class=\"elementor-widget-container\">\n\t\t\t<h2 class=\"elementor-heading-title elementor-size-default\">CUST\u00d2DIA<\/h2>\t\t<\/div>\n\t\t\t\t<\/div>\n\t\t\t\t<div class=\"elementor-element elementor-element-25402a0 elementor-widget elementor-widget-text-editor\" data-id=\"25402a0\" data-element_type=\"widget\" data-widget_type=\"text-editor.default\">\n\t\t\t\t<div class=\"elementor-widget-container\">\n\t\t\t\t\t\t\t<p>Cust\u00f2dia\/Ten\u00e8ncia i dia a dia dels fitxers de dades, tant inform\u00e0tics com en suport paper dels propietaris.<\/p>\t\t\t\t\t\t<\/div>\n\t\t\t\t<\/div>\n\t\t\t\t<\/div>\n\t\t<div class=\"elementor-element elementor-element-cecb713 e-con-full e-flex e-con e-parent\" data-id=\"cecb713\" data-element_type=\"container\" data-settings=\"{&quot;background_background&quot;:&quot;classic&quot;}\">\n\t\t\t\t<div class=\"elementor-element elementor-element-5783a1a elementor-widget elementor-widget-heading\" data-id=\"5783a1a\" data-element_type=\"widget\" data-widget_type=\"heading.default\">\n\t\t\t\t<div class=\"elementor-widget-container\">\n\t\t\t<h2 class=\"elementor-heading-title elementor-size-default\">OFICINA VIRTUAL<\/h2>\t\t<\/div>\n\t\t\t\t<\/div>\n\t\t\t\t<div class=\"elementor-element elementor-element-0843e52 elementor-widget elementor-widget-text-editor\" data-id=\"0843e52\" data-element_type=\"widget\" data-widget_type=\"text-editor.default\">\n\t\t\t\t<div class=\"elementor-widget-container\">\n\t\t\t\t\t\t\t<p>Oficina virtual amb acc\u00e9s restringit pels propietaris (comptabilitat al dia).<\/p>\t\t\t\t\t\t<\/div>\n\t\t\t\t<\/div>\n\t\t\t\t<\/div>\n\t\t\t\t<\/div>\n\t\t","protected":false},"excerpt":{"rendered":"<p>LA TEVA COMUNITAT EN BONES MANS Sabem que els habitatges s\u00f3n la principal inversi\u00f3 de les fam\u00edlies. Per aix\u00f2, el nostre principal objectiu \u00e9s `reservar el seu valor assegurant un correcte manteniment i funcionament de tots els serveis. CONVOCAT\u00d2RIES Realitzaci\u00f3 i emissi\u00f3 de convocat\u00f2ries tant ordin\u00e0ries com extraordin\u00e0ries. ASSIST\u00c8NCIA Assist\u00e8ncia de l&#8217;administrador de finques o [&hellip;]<\/p>\n","protected":false},"author":1,"featured_media":0,"parent":0,"menu_order":0,"comment_status":"closed","ping_status":"closed","template":"","meta":{"footnotes":""},"class_list":["post-223","page","type-page","status-publish","hentry"],"yoast_head":"<!-- This site is optimized with the Yoast SEO plugin v25.1 - https:\/\/yoast.com\/wordpress\/plugins\/seo\/ -->\n<title>Administraci\u00f3 de finques - Carroc Fincas<\/title>\n<meta name=\"robots\" content=\"index, follow, max-snippet:-1, max-image-preview:large, max-video-preview:-1\" \/>\n<link rel=\"canonical\" href=\"https:\/\/www.carrocfincas.com\/ca\/administracio-de-finques\/\" \/>\n<meta property=\"og:locale\" content=\"ca_ES\" \/>\n<meta property=\"og:type\" content=\"article\" \/>\n<meta property=\"og:title\" content=\"Administraci\u00f3 de finques - Carroc Fincas\" \/>\n<meta property=\"og:description\" content=\"LA TEVA COMUNITAT EN BONES MANS Sabem que els habitatges s\u00f3n la principal inversi\u00f3 de les fam\u00edlies. Per aix\u00f2, el nostre principal objectiu \u00e9s `reservar el seu valor assegurant un correcte manteniment i funcionament de tots els serveis. CONVOCAT\u00d2RIES Realitzaci\u00f3 i emissi\u00f3 de convocat\u00f2ries tant ordin\u00e0ries com extraordin\u00e0ries. ASSIST\u00c8NCIA Assist\u00e8ncia de l&#8217;administrador de finques o [&hellip;]\" \/>\n<meta property=\"og:url\" content=\"https:\/\/www.carrocfincas.com\/ca\/administracio-de-finques\/\" \/>\n<meta property=\"og:site_name\" content=\"Carroc Fincas\" \/>\n<meta property=\"article:modified_time\" content=\"2025-05-23T08:26:41+00:00\" \/>\n<meta name=\"twitter:card\" content=\"summary_large_image\" \/>\n<meta name=\"twitter:label1\" content=\"Temps estimat de lectura\" \/>\n\t<meta name=\"twitter:data1\" content=\"1 minut\" \/>\n<script type=\"application\/ld+json\" class=\"yoast-schema-graph\">{\"@context\":\"https:\/\/schema.org\",\"@graph\":[{\"@type\":\"WebPage\",\"@id\":\"https:\/\/www.carrocfincas.com\/ca\/administracio-de-finques\/\",\"url\":\"https:\/\/www.carrocfincas.com\/ca\/administracio-de-finques\/\",\"name\":\"Administraci\u00f3 de finques - Carroc Fincas\",\"isPartOf\":{\"@id\":\"https:\/\/www.carrocfincas.com\/ca\/#website\"},\"datePublished\":\"2024-03-04T15:36:25+00:00\",\"dateModified\":\"2025-05-23T08:26:41+00:00\",\"breadcrumb\":{\"@id\":\"https:\/\/www.carrocfincas.com\/ca\/administracio-de-finques\/#breadcrumb\"},\"inLanguage\":\"ca\",\"potentialAction\":[{\"@type\":\"ReadAction\",\"target\":[\"https:\/\/www.carrocfincas.com\/ca\/administracio-de-finques\/\"]}]},{\"@type\":\"BreadcrumbList\",\"@id\":\"https:\/\/www.carrocfincas.com\/ca\/administracio-de-finques\/#breadcrumb\",\"itemListElement\":[{\"@type\":\"ListItem\",\"position\":1,\"name\":\"Portada\",\"item\":\"https:\/\/www.carrocfincas.com\/ca\/\"},{\"@type\":\"ListItem\",\"position\":2,\"name\":\"Administraci\u00f3 de finques\"}]},{\"@type\":\"WebSite\",\"@id\":\"https:\/\/www.carrocfincas.com\/ca\/#website\",\"url\":\"https:\/\/www.carrocfincas.com\/ca\/\",\"name\":\"Carroc Fincas\",\"description\":\"\",\"publisher\":{\"@id\":\"https:\/\/www.carrocfincas.com\/ca\/#organization\"},\"potentialAction\":[{\"@type\":\"SearchAction\",\"target\":{\"@type\":\"EntryPoint\",\"urlTemplate\":\"https:\/\/www.carrocfincas.com\/ca\/?s={search_term_string}\"},\"query-input\":{\"@type\":\"PropertyValueSpecification\",\"valueRequired\":true,\"valueName\":\"search_term_string\"}}],\"inLanguage\":\"ca\"},{\"@type\":\"Organization\",\"@id\":\"https:\/\/www.carrocfincas.com\/ca\/#organization\",\"name\":\"Carroc Fincas\",\"url\":\"https:\/\/www.carrocfincas.com\/ca\/\",\"logo\":{\"@type\":\"ImageObject\",\"inLanguage\":\"ca\",\"@id\":\"https:\/\/www.carrocfincas.com\/ca\/#\/schema\/logo\/image\/\",\"url\":\"https:\/\/www.carrocfincas.com\/wp-content\/uploads\/2024\/03\/logo-carroc-tr.png\",\"contentUrl\":\"https:\/\/www.carrocfincas.com\/wp-content\/uploads\/2024\/03\/logo-carroc-tr.png\",\"width\":419,\"height\":124,\"caption\":\"Carroc Fincas\"},\"image\":{\"@id\":\"https:\/\/www.carrocfincas.com\/ca\/#\/schema\/logo\/image\/\"}}]}<\/script>\n<!-- \/ Yoast SEO plugin. -->","yoast_head_json":{"title":"Administraci\u00f3 de finques - Carroc Fincas","robots":{"index":"index","follow":"follow","max-snippet":"max-snippet:-1","max-image-preview":"max-image-preview:large","max-video-preview":"max-video-preview:-1"},"canonical":"https:\/\/www.carrocfincas.com\/ca\/administracio-de-finques\/","og_locale":"ca_ES","og_type":"article","og_title":"Administraci\u00f3 de finques - Carroc Fincas","og_description":"LA TEVA COMUNITAT EN BONES MANS Sabem que els habitatges s\u00f3n la principal inversi\u00f3 de les fam\u00edlies. Per aix\u00f2, el nostre principal objectiu \u00e9s `reservar el seu valor assegurant un correcte manteniment i funcionament de tots els serveis. CONVOCAT\u00d2RIES Realitzaci\u00f3 i emissi\u00f3 de convocat\u00f2ries tant ordin\u00e0ries com extraordin\u00e0ries. ASSIST\u00c8NCIA Assist\u00e8ncia de l&#8217;administrador de finques o [&hellip;]","og_url":"https:\/\/www.carrocfincas.com\/ca\/administracio-de-finques\/","og_site_name":"Carroc Fincas","article_modified_time":"2025-05-23T08:26:41+00:00","twitter_card":"summary_large_image","twitter_misc":{"Temps estimat de lectura":"1 minut"},"schema":{"@context":"https:\/\/schema.org","@graph":[{"@type":"WebPage","@id":"https:\/\/www.carrocfincas.com\/ca\/administracio-de-finques\/","url":"https:\/\/www.carrocfincas.com\/ca\/administracio-de-finques\/","name":"Administraci\u00f3 de finques - Carroc Fincas","isPartOf":{"@id":"https:\/\/www.carrocfincas.com\/ca\/#website"},"datePublished":"2024-03-04T15:36:25+00:00","dateModified":"2025-05-23T08:26:41+00:00","breadcrumb":{"@id":"https:\/\/www.carrocfincas.com\/ca\/administracio-de-finques\/#breadcrumb"},"inLanguage":"ca","potentialAction":[{"@type":"ReadAction","target":["https:\/\/www.carrocfincas.com\/ca\/administracio-de-finques\/"]}]},{"@type":"BreadcrumbList","@id":"https:\/\/www.carrocfincas.com\/ca\/administracio-de-finques\/#breadcrumb","itemListElement":[{"@type":"ListItem","position":1,"name":"Portada","item":"https:\/\/www.carrocfincas.com\/ca\/"},{"@type":"ListItem","position":2,"name":"Administraci\u00f3 de finques"}]},{"@type":"WebSite","@id":"https:\/\/www.carrocfincas.com\/ca\/#website","url":"https:\/\/www.carrocfincas.com\/ca\/","name":"Carroc Fincas","description":"","publisher":{"@id":"https:\/\/www.carrocfincas.com\/ca\/#organization"},"potentialAction":[{"@type":"SearchAction","target":{"@type":"EntryPoint","urlTemplate":"https:\/\/www.carrocfincas.com\/ca\/?s={search_term_string}"},"query-input":{"@type":"PropertyValueSpecification","valueRequired":true,"valueName":"search_term_string"}}],"inLanguage":"ca"},{"@type":"Organization","@id":"https:\/\/www.carrocfincas.com\/ca\/#organization","name":"Carroc Fincas","url":"https:\/\/www.carrocfincas.com\/ca\/","logo":{"@type":"ImageObject","inLanguage":"ca","@id":"https:\/\/www.carrocfincas.com\/ca\/#\/schema\/logo\/image\/","url":"https:\/\/www.carrocfincas.com\/wp-content\/uploads\/2024\/03\/logo-carroc-tr.png","contentUrl":"https:\/\/www.carrocfincas.com\/wp-content\/uploads\/2024\/03\/logo-carroc-tr.png","width":419,"height":124,"caption":"Carroc Fincas"},"image":{"@id":"https:\/\/www.carrocfincas.com\/ca\/#\/schema\/logo\/image\/"}}]}},"_links":{"self":[{"href":"https:\/\/www.carrocfincas.com\/ca\/wp-json\/wp\/v2\/pages\/223","targetHints":{"allow":["GET"]}}],"collection":[{"href":"https:\/\/www.carrocfincas.com\/ca\/wp-json\/wp\/v2\/pages"}],"about":[{"href":"https:\/\/www.carrocfincas.com\/ca\/wp-json\/wp\/v2\/types\/page"}],"author":[{"embeddable":true,"href":"https:\/\/www.carrocfincas.com\/ca\/wp-json\/wp\/v2\/users\/1"}],"replies":[{"embeddable":true,"href":"https:\/\/www.carrocfincas.com\/ca\/wp-json\/wp\/v2\/comments?post=223"}],"version-history":[{"count":0,"href":"https:\/\/www.carrocfincas.com\/ca\/wp-json\/wp\/v2\/pages\/223\/revisions"}],"wp:attachment":[{"href":"https:\/\/www.carrocfincas.com\/ca\/wp-json\/wp\/v2\/media?parent=223"}],"curies":[{"name":"wp","href":"https:\/\/api.w.org\/{rel}","templated":true}]}}