{"id":224,"date":"2024-03-05T12:44:14","date_gmt":"2024-03-05T11:44:14","guid":{"rendered":"http:\/\/103.23.61.131\/~cayt5re4\/inmobiliaria\/"},"modified":"2024-04-25T16:48:12","modified_gmt":"2024-04-25T14:48:12","slug":"immobiliaria","status":"publish","type":"page","link":"https:\/\/www.carrocfincas.com\/ca\/immobiliaria\/","title":{"rendered":"Immobili\u00e0ria"},"content":{"rendered":"\t\t<div data-elementor-type=\"wp-page\" data-elementor-id=\"224\" class=\"elementor elementor-224 elementor-129\" data-elementor-post-type=\"page\">\n\t\t\t\t<div class=\"elementor-element elementor-element-17eee27 e-con-full e-flex e-con e-parent\" data-id=\"17eee27\" data-element_type=\"container\" data-settings=\"{&quot;background_background&quot;:&quot;classic&quot;}\">\n\t\t<div class=\"elementor-element elementor-element-bf900d1 e-con-full e-flex e-con e-child\" data-id=\"bf900d1\" data-element_type=\"container\" data-settings=\"{&quot;background_background&quot;:&quot;classic&quot;}\">\n\t\t<div class=\"elementor-element elementor-element-b9cd63f e-con-full e-flex e-con e-child\" data-id=\"b9cd63f\" data-element_type=\"container\">\n\t\t\t\t<div class=\"elementor-element elementor-element-4934231 check-inmobiliaria elementor-widget elementor-widget-heading\" data-id=\"4934231\" data-element_type=\"widget\" data-widget_type=\"heading.default\">\n\t\t\t\t<div class=\"elementor-widget-container\">\n\t\t\t<h2 class=\"elementor-heading-title elementor-size-default\">COMPREM EL TEU HABITATGE EN 7 DIES<\/h2>\t\t<\/div>\n\t\t\t\t<\/div>\n\t\t\t\t<div class=\"elementor-element elementor-element-4a5521a elementor-widget elementor-widget-text-editor\" data-id=\"4a5521a\" data-element_type=\"widget\" data-widget_type=\"text-editor.default\">\n\t\t\t\t<div class=\"elementor-widget-container\">\n\t\t\t\t\t\t\t<p>Una soluci\u00f3 r\u00e0pida, c\u00f2moda i segura. T&#8217;oferim el millor preu.<\/p>\t\t\t\t\t\t<\/div>\n\t\t\t\t<\/div>\n\t\t\t\t<\/div>\n\t\t<div class=\"elementor-element elementor-element-c7343a2 e-con-full e-flex e-con e-child\" data-id=\"c7343a2\" data-element_type=\"container\">\n\t\t\t\t<div class=\"elementor-element elementor-element-aa9f1f5 check-inmobiliaria elementor-widget elementor-widget-heading\" data-id=\"aa9f1f5\" data-element_type=\"widget\" data-widget_type=\"heading.default\">\n\t\t\t\t<div class=\"elementor-widget-container\">\n\t\t\t<h2 class=\"elementor-heading-title elementor-size-default\">AD\u00c9U HIPOTECA?<\/h2>\t\t<\/div>\n\t\t\t\t<\/div>\n\t\t\t\t<div class=\"elementor-element elementor-element-dfbdf36 elementor-widget elementor-widget-text-editor\" data-id=\"dfbdf36\" data-element_type=\"widget\" data-widget_type=\"text-editor.default\">\n\t\t\t\t<div class=\"elementor-widget-container\">\n\t\t\t\t\t\t\t<p>Si est\u00e0s pagant hipoteca, ens fem c\u00e0rrec de la teva quota mensual.<\/p>\t\t\t\t\t\t<\/div>\n\t\t\t\t<\/div>\n\t\t\t\t<\/div>\n\t\t<div class=\"elementor-element elementor-element-4c53526 e-con-full e-flex e-con e-child\" data-id=\"4c53526\" data-element_type=\"container\">\n\t\t\t\t<div class=\"elementor-element elementor-element-fb70ff3 check-inmobiliaria elementor-widget elementor-widget-heading\" data-id=\"fb70ff3\" data-element_type=\"widget\" data-widget_type=\"heading.default\">\n\t\t\t\t<div class=\"elementor-widget-container\">\n\t\t\t<h2 class=\"elementor-heading-title elementor-size-default\">SOLUCI\u00d3 A HER\u00c8NCIES<\/h2>\t\t<\/div>\n\t\t\t\t<\/div>\n\t\t\t\t<div class=\"elementor-element elementor-element-1473954 elementor-widget elementor-widget-text-editor\" data-id=\"1473954\" data-element_type=\"widget\" data-widget_type=\"text-editor.default\">\n\t\t\t\t<div class=\"elementor-widget-container\">\n\t\t\t\t\t\t\t<p>T&#8217;ajudem econ\u00f2micament perqu\u00e8 puguis acceptar i rebre l&#8217;habitatge que heretes.<\/p>\t\t\t\t\t\t<\/div>\n\t\t\t\t<\/div>\n\t\t\t\t<\/div>\n\t\t<div class=\"elementor-element elementor-element-df336f1 e-con-full e-flex e-con e-child\" data-id=\"df336f1\" data-element_type=\"container\">\n\t\t\t\t<div class=\"elementor-element elementor-element-18071a3 check-inmobiliaria elementor-widget elementor-widget-heading\" data-id=\"18071a3\" data-element_type=\"widget\" data-widget_type=\"heading.default\">\n\t\t\t\t<div class=\"elementor-widget-container\">\n\t\t\t<h2 class=\"elementor-heading-title elementor-size-default\">1.000\u20ac AL MES!<\/h2>\t\t<\/div>\n\t\t\t\t<\/div>\n\t\t\t\t<div class=\"elementor-element elementor-element-55b5b32 elementor-widget elementor-widget-text-editor\" data-id=\"55b5b32\" data-element_type=\"widget\" data-widget_type=\"text-editor.default\">\n\t\t\t\t<div class=\"elementor-widget-container\">\n\t\t\t\t\t\t\t<p>T&#8217;avancem 1.000\u20ac al mes fins a vendre la teva vivenda.<\/p>\t\t\t\t\t\t<\/div>\n\t\t\t\t<\/div>\n\t\t\t\t<\/div>\n\t\t\t\t<\/div>\n\t\t<div class=\"elementor-element elementor-element-c9c4865 e-con-full e-flex e-con e-child\" data-id=\"c9c4865\" data-element_type=\"container\" data-settings=\"{&quot;background_background&quot;:&quot;classic&quot;}\">\n\t\t\t\t<div class=\"elementor-element elementor-element-bb7d0f9 elementor-nav-menu--dropdown-none elementor-nav-menu__align-center elementor-widget elementor-widget-nav-menu\" data-id=\"bb7d0f9\" data-element_type=\"widget\" data-settings=\"{&quot;layout&quot;:&quot;horizontal&quot;,&quot;submenu_icon&quot;:{&quot;value&quot;:&quot;&lt;svg class=\\&quot;e-font-icon-svg e-fas-caret-down\\&quot; viewBox=\\&quot;0 0 320 512\\&quot; xmlns=\\&quot;http:\\\/\\\/www.w3.org\\\/2000\\\/svg\\&quot;&gt;&lt;path d=\\&quot;M31.3 192h257.3c17.8 0 26.7 21.5 14.1 34.1L174.1 354.8c-7.8 7.8-20.5 7.8-28.3 0L17.2 226.1C4.6 213.5 13.5 192 31.3 192z\\&quot;&gt;&lt;\\\/path&gt;&lt;\\\/svg&gt;&quot;,&quot;library&quot;:&quot;fa-solid&quot;}}\" data-widget_type=\"nav-menu.default\">\n\t\t\t\t<div class=\"elementor-widget-container\">\n\t\t\t\t\t\t<nav aria-label=\"Menu\" class=\"elementor-nav-menu--main elementor-nav-menu__container elementor-nav-menu--layout-horizontal e--pointer-none\">\n\t\t\t\t<ul id=\"menu-1-bb7d0f9\" class=\"elementor-nav-menu\"><li class=\"menu-item menu-item-type-post_type menu-item-object-page menu-item-142\"><a href=\"https:\/\/www.carrocfincas.com\/inmobiliaria\/\" class=\"elementor-item\">Immobili\u00e0ria<\/a><\/li>\n<li class=\"menu-item menu-item-type-post_type menu-item-object-page menu-item-159\"><a href=\"https:\/\/www.carrocfincas.com\/compra\/\" class=\"elementor-item\">Compra<\/a><\/li>\n<li class=\"menu-item menu-item-type-post_type menu-item-object-page menu-item-154\"><a href=\"https:\/\/www.carrocfincas.com\/alquila\/\" class=\"elementor-item\">Lloga<\/a><\/li>\n<li class=\"menu-item menu-item-type-post_type menu-item-object-page menu-item-145\"><a href=\"https:\/\/www.carrocfincas.com\/inmobiliaria\/\" class=\"elementor-item\">Immobili\u00e0ria<\/a><\/li>\n<\/ul>\t\t\t<\/nav>\n\t\t\t\t\t\t<nav class=\"elementor-nav-menu--dropdown elementor-nav-menu__container\" aria-hidden=\"true\">\n\t\t\t\t<ul id=\"menu-2-bb7d0f9\" class=\"elementor-nav-menu\"><li class=\"menu-item menu-item-type-post_type menu-item-object-page menu-item-142\"><a href=\"https:\/\/www.carrocfincas.com\/inmobiliaria\/\" class=\"elementor-item\" tabindex=\"-1\">Immobili\u00e0ria<\/a><\/li>\n<li class=\"menu-item menu-item-type-post_type menu-item-object-page menu-item-159\"><a href=\"https:\/\/www.carrocfincas.com\/compra\/\" class=\"elementor-item\" tabindex=\"-1\">Compra<\/a><\/li>\n<li class=\"menu-item menu-item-type-post_type menu-item-object-page menu-item-154\"><a href=\"https:\/\/www.carrocfincas.com\/alquila\/\" class=\"elementor-item\" tabindex=\"-1\">Lloga<\/a><\/li>\n<li class=\"menu-item menu-item-type-post_type menu-item-object-page menu-item-145\"><a href=\"https:\/\/www.carrocfincas.com\/inmobiliaria\/\" class=\"elementor-item\" tabindex=\"-1\">Immobili\u00e0ria<\/a><\/li>\n<\/ul>\t\t\t<\/nav>\n\t\t\t\t<\/div>\n\t\t\t\t<\/div>\n\t\t\t\t<\/div>\n\t\t\t\t<\/div>\n\t\t<div class=\"elementor-element elementor-element-018dc39 e-con-full e-flex e-con e-parent\" data-id=\"018dc39\" data-element_type=\"container\">\n\t\t<div class=\"elementor-element elementor-element-6e934a9 e-con-full e-flex e-con e-child\" data-id=\"6e934a9\" data-element_type=\"container\" data-settings=\"{&quot;background_background&quot;:&quot;classic&quot;}\">\n\t\t\t\t<div class=\"elementor-element elementor-element-5fbc162 elementor-nav-menu--dropdown-none elementor-nav-menu__align-center elementor-widget elementor-widget-nav-menu\" data-id=\"5fbc162\" data-element_type=\"widget\" data-settings=\"{&quot;layout&quot;:&quot;horizontal&quot;,&quot;submenu_icon&quot;:{&quot;value&quot;:&quot;&lt;svg class=\\&quot;e-font-icon-svg e-fas-caret-down\\&quot; viewBox=\\&quot;0 0 320 512\\&quot; xmlns=\\&quot;http:\\\/\\\/www.w3.org\\\/2000\\\/svg\\&quot;&gt;&lt;path d=\\&quot;M31.3 192h257.3c17.8 0 26.7 21.5 14.1 34.1L174.1 354.8c-7.8 7.8-20.5 7.8-28.3 0L17.2 226.1C4.6 213.5 13.5 192 31.3 192z\\&quot;&gt;&lt;\\\/path&gt;&lt;\\\/svg&gt;&quot;,&quot;library&quot;:&quot;fa-solid&quot;}}\" data-widget_type=\"nav-menu.default\">\n\t\t\t\t<div class=\"elementor-widget-container\">\n\t\t\t\t\t\t<nav aria-label=\"Menu\" class=\"elementor-nav-menu--main elementor-nav-menu__container elementor-nav-menu--layout-horizontal e--pointer-none\">\n\t\t\t\t<ul id=\"menu-1-5fbc162\" class=\"elementor-nav-menu\"><li class=\"menu-item menu-item-type-post_type menu-item-object-page menu-item-142\"><a href=\"https:\/\/www.carrocfincas.com\/inmobiliaria\/\" class=\"elementor-item\">Immobili\u00e0ria<\/a><\/li>\n<li class=\"menu-item menu-item-type-post_type menu-item-object-page menu-item-159\"><a href=\"https:\/\/www.carrocfincas.com\/compra\/\" class=\"elementor-item\">Compra<\/a><\/li>\n<li class=\"menu-item menu-item-type-post_type menu-item-object-page menu-item-154\"><a href=\"https:\/\/www.carrocfincas.com\/alquila\/\" class=\"elementor-item\">Lloga<\/a><\/li>\n<li class=\"menu-item menu-item-type-post_type menu-item-object-page menu-item-145\"><a href=\"https:\/\/www.carrocfincas.com\/inmobiliaria\/\" class=\"elementor-item\">Immobili\u00e0ria<\/a><\/li>\n<\/ul>\t\t\t<\/nav>\n\t\t\t\t\t\t<nav class=\"elementor-nav-menu--dropdown elementor-nav-menu__container\" aria-hidden=\"true\">\n\t\t\t\t<ul id=\"menu-2-5fbc162\" class=\"elementor-nav-menu\"><li class=\"menu-item menu-item-type-post_type menu-item-object-page menu-item-142\"><a href=\"https:\/\/www.carrocfincas.com\/inmobiliaria\/\" class=\"elementor-item\" tabindex=\"-1\">Immobili\u00e0ria<\/a><\/li>\n<li class=\"menu-item menu-item-type-post_type menu-item-object-page menu-item-159\"><a href=\"https:\/\/www.carrocfincas.com\/compra\/\" class=\"elementor-item\" tabindex=\"-1\">Compra<\/a><\/li>\n<li class=\"menu-item menu-item-type-post_type menu-item-object-page menu-item-154\"><a href=\"https:\/\/www.carrocfincas.com\/alquila\/\" class=\"elementor-item\" tabindex=\"-1\">Lloga<\/a><\/li>\n<li class=\"menu-item menu-item-type-post_type menu-item-object-page menu-item-145\"><a href=\"https:\/\/www.carrocfincas.com\/inmobiliaria\/\" class=\"elementor-item\" tabindex=\"-1\">Immobili\u00e0ria<\/a><\/li>\n<\/ul>\t\t\t<\/nav>\n\t\t\t\t<\/div>\n\t\t\t\t<\/div>\n\t\t\t\t<\/div>\n\t\t\t\t<\/div>\n\t\t<div class=\"elementor-element elementor-element-d6384a3 e-con-full e-flex e-con e-parent\" data-id=\"d6384a3\" data-element_type=\"container\" data-settings=\"{&quot;background_background&quot;:&quot;classic&quot;}\">\n\t\t\t\t<div class=\"elementor-element elementor-element-888d336 elementor-widget elementor-widget-heading\" data-id=\"888d336\" data-element_type=\"widget\" data-widget_type=\"heading.default\">\n\t\t\t\t<div class=\"elementor-widget-container\">\n\t\t\t<h2 class=\"elementor-heading-title elementor-size-default\">VEN LA TEVA CASA EN 7 DIES<\/h2>\t\t<\/div>\n\t\t\t\t<\/div>\n\t\t\t\t<div class=\"elementor-element elementor-element-aa8b1aa elementor-widget elementor-widget-button\" data-id=\"aa8b1aa\" data-element_type=\"widget\" data-widget_type=\"button.default\">\n\t\t\t\t<div class=\"elementor-widget-container\">\n\t\t\t\t\t\t\t<div class=\"elementor-button-wrapper\">\n\t\t\t\t\t<a class=\"elementor-button elementor-button-link elementor-size-sm\" href=\"https:\/\/www.carrocfincas.com\/ca\/contacte\/\">\n\t\t\t\t\t\t<span class=\"elementor-button-content-wrapper\">\n\t\t\t\t\t\t\t\t\t<span class=\"elementor-button-text\">VULL VENDRE<\/span>\n\t\t\t\t\t<\/span>\n\t\t\t\t\t<\/a>\n\t\t\t\t<\/div>\n\t\t\t\t\t\t<\/div>\n\t\t\t\t<\/div>\n\t\t<div class=\"elementor-element elementor-element-2457f44 e-con-full e-flex e-con e-child\" data-id=\"2457f44\" data-element_type=\"container\" data-settings=\"{&quot;background_background&quot;:&quot;classic&quot;}\">\n\t\t<div class=\"elementor-element elementor-element-ecfadbf e-con-full e-flex e-con e-child\" data-id=\"ecfadbf\" data-element_type=\"container\">\n\t\t\t\t<div class=\"elementor-element elementor-element-d14d883 elementor-widget elementor-widget-heading\" data-id=\"d14d883\" data-element_type=\"widget\" data-widget_type=\"heading.default\">\n\t\t\t\t<div class=\"elementor-widget-container\">\n\t\t\t<h2 class=\"elementor-heading-title elementor-size-default\">VEN<\/h2>\t\t<\/div>\n\t\t\t\t<\/div>\n\t\t\t\t<div class=\"elementor-element elementor-element-de1363c ul-inmobiliaria elementor-widget elementor-widget-text-editor\" data-id=\"de1363c\" data-element_type=\"widget\" data-widget_type=\"text-editor.default\">\n\t\t\t\t<div class=\"elementor-widget-container\">\n\t\t\t\t\t\t\t<ul>\n \t<li>Comprem el teu habitatge en 7 dies.<\/li>\n \t<li>Sense intermediaris ni paperassa.<\/li>\n \t<li>Rep la nostra oferta inicial en l\u00ednia.<\/li>\n<\/ul>\t\t\t\t\t\t<\/div>\n\t\t\t\t<\/div>\n\t\t\t\t<\/div>\n\t\t\t\t<\/div>\n\t\t\t\t<\/div>\n\t\t\t\t<\/div>\n\t\t","protected":false},"excerpt":{"rendered":"<p>COMPREM EL TEU HABITATGE EN 7 DIES Una soluci\u00f3 r\u00e0pida, c\u00f2moda i segura. T&#8217;oferim el millor preu. AD\u00c9U HIPOTECA? Si est\u00e0s pagant hipoteca, ens fem c\u00e0rrec de la teva quota mensual. SOLUCI\u00d3 A HER\u00c8NCIES T&#8217;ajudem econ\u00f2micament perqu\u00e8 puguis acceptar i rebre l&#8217;habitatge que heretes. 1.000\u20ac AL MES! T&#8217;avancem 1.000\u20ac al mes fins a vendre la [&hellip;]<\/p>\n","protected":false},"author":1,"featured_media":0,"parent":0,"menu_order":0,"comment_status":"closed","ping_status":"closed","template":"","meta":{"footnotes":""},"class_list":["post-224","page","type-page","status-publish","hentry"],"yoast_head":"<!-- This site is optimized with the Yoast SEO plugin v25.1 - https:\/\/yoast.com\/wordpress\/plugins\/seo\/ -->\n<title>Immobili\u00e0ria - Carroc Fincas<\/title>\n<meta name=\"robots\" content=\"index, follow, max-snippet:-1, max-image-preview:large, max-video-preview:-1\" \/>\n<link rel=\"canonical\" href=\"https:\/\/www.carrocfincas.com\/ca\/immobiliaria\/\" \/>\n<meta property=\"og:locale\" content=\"ca_ES\" \/>\n<meta property=\"og:type\" content=\"article\" \/>\n<meta property=\"og:title\" content=\"Immobili\u00e0ria - Carroc Fincas\" \/>\n<meta property=\"og:description\" content=\"COMPREM EL TEU HABITATGE EN 7 DIES Una soluci\u00f3 r\u00e0pida, c\u00f2moda i segura. T&#8217;oferim el millor preu. AD\u00c9U HIPOTECA? Si est\u00e0s pagant hipoteca, ens fem c\u00e0rrec de la teva quota mensual. SOLUCI\u00d3 A HER\u00c8NCIES T&#8217;ajudem econ\u00f2micament perqu\u00e8 puguis acceptar i rebre l&#8217;habitatge que heretes. 1.000\u20ac AL MES! T&#8217;avancem 1.000\u20ac al mes fins a vendre la [&hellip;]\" \/>\n<meta property=\"og:url\" content=\"https:\/\/www.carrocfincas.com\/ca\/immobiliaria\/\" \/>\n<meta property=\"og:site_name\" content=\"Carroc Fincas\" \/>\n<meta property=\"article:modified_time\" content=\"2024-04-25T14:48:12+00:00\" \/>\n<meta name=\"twitter:card\" content=\"summary_large_image\" \/>\n<script type=\"application\/ld+json\" class=\"yoast-schema-graph\">{\"@context\":\"https:\/\/schema.org\",\"@graph\":[{\"@type\":\"WebPage\",\"@id\":\"https:\/\/www.carrocfincas.com\/ca\/immobiliaria\/\",\"url\":\"https:\/\/www.carrocfincas.com\/ca\/immobiliaria\/\",\"name\":\"Immobili\u00e0ria - Carroc Fincas\",\"isPartOf\":{\"@id\":\"https:\/\/www.carrocfincas.com\/ca\/#website\"},\"datePublished\":\"2024-03-05T11:44:14+00:00\",\"dateModified\":\"2024-04-25T14:48:12+00:00\",\"breadcrumb\":{\"@id\":\"https:\/\/www.carrocfincas.com\/ca\/immobiliaria\/#breadcrumb\"},\"inLanguage\":\"ca\",\"potentialAction\":[{\"@type\":\"ReadAction\",\"target\":[\"https:\/\/www.carrocfincas.com\/ca\/immobiliaria\/\"]}]},{\"@type\":\"BreadcrumbList\",\"@id\":\"https:\/\/www.carrocfincas.com\/ca\/immobiliaria\/#breadcrumb\",\"itemListElement\":[{\"@type\":\"ListItem\",\"position\":1,\"name\":\"Portada\",\"item\":\"https:\/\/www.carrocfincas.com\/ca\/\"},{\"@type\":\"ListItem\",\"position\":2,\"name\":\"Immobili\u00e0ria\"}]},{\"@type\":\"WebSite\",\"@id\":\"https:\/\/www.carrocfincas.com\/ca\/#website\",\"url\":\"https:\/\/www.carrocfincas.com\/ca\/\",\"name\":\"Carroc Fincas\",\"description\":\"\",\"publisher\":{\"@id\":\"https:\/\/www.carrocfincas.com\/ca\/#organization\"},\"potentialAction\":[{\"@type\":\"SearchAction\",\"target\":{\"@type\":\"EntryPoint\",\"urlTemplate\":\"https:\/\/www.carrocfincas.com\/ca\/?s={search_term_string}\"},\"query-input\":{\"@type\":\"PropertyValueSpecification\",\"valueRequired\":true,\"valueName\":\"search_term_string\"}}],\"inLanguage\":\"ca\"},{\"@type\":\"Organization\",\"@id\":\"https:\/\/www.carrocfincas.com\/ca\/#organization\",\"name\":\"Carroc Fincas\",\"url\":\"https:\/\/www.carrocfincas.com\/ca\/\",\"logo\":{\"@type\":\"ImageObject\",\"inLanguage\":\"ca\",\"@id\":\"https:\/\/www.carrocfincas.com\/ca\/#\/schema\/logo\/image\/\",\"url\":\"https:\/\/www.carrocfincas.com\/wp-content\/uploads\/2024\/03\/logo-carroc-tr.png\",\"contentUrl\":\"https:\/\/www.carrocfincas.com\/wp-content\/uploads\/2024\/03\/logo-carroc-tr.png\",\"width\":419,\"height\":124,\"caption\":\"Carroc Fincas\"},\"image\":{\"@id\":\"https:\/\/www.carrocfincas.com\/ca\/#\/schema\/logo\/image\/\"}}]}<\/script>\n<!-- \/ Yoast SEO plugin. -->","yoast_head_json":{"title":"Immobili\u00e0ria - Carroc Fincas","robots":{"index":"index","follow":"follow","max-snippet":"max-snippet:-1","max-image-preview":"max-image-preview:large","max-video-preview":"max-video-preview:-1"},"canonical":"https:\/\/www.carrocfincas.com\/ca\/immobiliaria\/","og_locale":"ca_ES","og_type":"article","og_title":"Immobili\u00e0ria - Carroc Fincas","og_description":"COMPREM EL TEU HABITATGE EN 7 DIES Una soluci\u00f3 r\u00e0pida, c\u00f2moda i segura. T&#8217;oferim el millor preu. AD\u00c9U HIPOTECA? Si est\u00e0s pagant hipoteca, ens fem c\u00e0rrec de la teva quota mensual. SOLUCI\u00d3 A HER\u00c8NCIES T&#8217;ajudem econ\u00f2micament perqu\u00e8 puguis acceptar i rebre l&#8217;habitatge que heretes. 1.000\u20ac AL MES! T&#8217;avancem 1.000\u20ac al mes fins a vendre la [&hellip;]","og_url":"https:\/\/www.carrocfincas.com\/ca\/immobiliaria\/","og_site_name":"Carroc Fincas","article_modified_time":"2024-04-25T14:48:12+00:00","twitter_card":"summary_large_image","schema":{"@context":"https:\/\/schema.org","@graph":[{"@type":"WebPage","@id":"https:\/\/www.carrocfincas.com\/ca\/immobiliaria\/","url":"https:\/\/www.carrocfincas.com\/ca\/immobiliaria\/","name":"Immobili\u00e0ria - Carroc Fincas","isPartOf":{"@id":"https:\/\/www.carrocfincas.com\/ca\/#website"},"datePublished":"2024-03-05T11:44:14+00:00","dateModified":"2024-04-25T14:48:12+00:00","breadcrumb":{"@id":"https:\/\/www.carrocfincas.com\/ca\/immobiliaria\/#breadcrumb"},"inLanguage":"ca","potentialAction":[{"@type":"ReadAction","target":["https:\/\/www.carrocfincas.com\/ca\/immobiliaria\/"]}]},{"@type":"BreadcrumbList","@id":"https:\/\/www.carrocfincas.com\/ca\/immobiliaria\/#breadcrumb","itemListElement":[{"@type":"ListItem","position":1,"name":"Portada","item":"https:\/\/www.carrocfincas.com\/ca\/"},{"@type":"ListItem","position":2,"name":"Immobili\u00e0ria"}]},{"@type":"WebSite","@id":"https:\/\/www.carrocfincas.com\/ca\/#website","url":"https:\/\/www.carrocfincas.com\/ca\/","name":"Carroc Fincas","description":"","publisher":{"@id":"https:\/\/www.carrocfincas.com\/ca\/#organization"},"potentialAction":[{"@type":"SearchAction","target":{"@type":"EntryPoint","urlTemplate":"https:\/\/www.carrocfincas.com\/ca\/?s={search_term_string}"},"query-input":{"@type":"PropertyValueSpecification","valueRequired":true,"valueName":"search_term_string"}}],"inLanguage":"ca"},{"@type":"Organization","@id":"https:\/\/www.carrocfincas.com\/ca\/#organization","name":"Carroc Fincas","url":"https:\/\/www.carrocfincas.com\/ca\/","logo":{"@type":"ImageObject","inLanguage":"ca","@id":"https:\/\/www.carrocfincas.com\/ca\/#\/schema\/logo\/image\/","url":"https:\/\/www.carrocfincas.com\/wp-content\/uploads\/2024\/03\/logo-carroc-tr.png","contentUrl":"https:\/\/www.carrocfincas.com\/wp-content\/uploads\/2024\/03\/logo-carroc-tr.png","width":419,"height":124,"caption":"Carroc Fincas"},"image":{"@id":"https:\/\/www.carrocfincas.com\/ca\/#\/schema\/logo\/image\/"}}]}},"_links":{"self":[{"href":"https:\/\/www.carrocfincas.com\/ca\/wp-json\/wp\/v2\/pages\/224","targetHints":{"allow":["GET"]}}],"collection":[{"href":"https:\/\/www.carrocfincas.com\/ca\/wp-json\/wp\/v2\/pages"}],"about":[{"href":"https:\/\/www.carrocfincas.com\/ca\/wp-json\/wp\/v2\/types\/page"}],"author":[{"embeddable":true,"href":"https:\/\/www.carrocfincas.com\/ca\/wp-json\/wp\/v2\/users\/1"}],"replies":[{"embeddable":true,"href":"https:\/\/www.carrocfincas.com\/ca\/wp-json\/wp\/v2\/comments?post=224"}],"version-history":[{"count":0,"href":"https:\/\/www.carrocfincas.com\/ca\/wp-json\/wp\/v2\/pages\/224\/revisions"}],"wp:attachment":[{"href":"https:\/\/www.carrocfincas.com\/ca\/wp-json\/wp\/v2\/media?parent=224"}],"curies":[{"name":"wp","href":"https:\/\/api.w.org\/{rel}","templated":true}]}}