{"id":225,"date":"2024-03-05T10:08:18","date_gmt":"2024-03-05T09:08:18","guid":{"rendered":"http:\/\/103.23.61.131\/~cayt5re4\/juridico\/"},"modified":"2025-05-23T10:27:43","modified_gmt":"2025-05-23T08:27:43","slug":"juridic","status":"publish","type":"page","link":"https:\/\/www.carrocfincas.com\/ca\/juridic\/","title":{"rendered":"Jur\u00eddic"},"content":{"rendered":"\t\t<div data-elementor-type=\"wp-page\" data-elementor-id=\"225\" class=\"elementor elementor-225 elementor-109\" data-elementor-post-type=\"page\">\n\t\t\t\t<div class=\"elementor-element elementor-element-91c6514 e-con-full e-flex e-con e-parent\" data-id=\"91c6514\" data-element_type=\"container\" data-settings=\"{&quot;background_background&quot;:&quot;classic&quot;}\">\n\t\t<div class=\"elementor-element elementor-element-3fe33c0 e-con-full e-flex e-con e-child\" data-id=\"3fe33c0\" data-element_type=\"container\" data-settings=\"{&quot;background_background&quot;:&quot;classic&quot;}\">\n\t\t<div class=\"elementor-element elementor-element-4f64955 e-con-full e-flex e-con e-child\" data-id=\"4f64955\" data-element_type=\"container\">\n\t\t\t\t<div class=\"elementor-element elementor-element-2911492 elementor-widget elementor-widget-heading\" data-id=\"2911492\" data-element_type=\"widget\" data-widget_type=\"heading.default\">\n\t\t\t\t<div class=\"elementor-widget-container\">\n\t\t\t<h2 class=\"elementor-heading-title elementor-size-default\">SOM LA DEFENSA JUR\u00cdDICA QUE NECESSITES<\/h2>\t\t<\/div>\n\t\t\t\t<\/div>\n\t\t\t\t<\/div>\n\t\t<div class=\"elementor-element elementor-element-543f1e9 e-con-full e-flex e-con e-child\" data-id=\"543f1e9\" data-element_type=\"container\">\n\t\t\t\t<div class=\"elementor-element elementor-element-70361ec elementor-widget elementor-widget-text-editor\" data-id=\"70361ec\" data-element_type=\"widget\" data-widget_type=\"text-editor.default\">\n\t\t\t\t<div class=\"elementor-widget-container\">\n\t\t\t\t\t\t\t<p>La satisfacci\u00f3 dels nostres clients<\/p>\t\t\t\t\t\t<\/div>\n\t\t\t\t<\/div>\n\t\t\t\t<div class=\"elementor-element elementor-element-1619629 elementor-widget elementor-widget-text-editor\" data-id=\"1619629\" data-element_type=\"widget\" data-widget_type=\"text-editor.default\">\n\t\t\t\t<div class=\"elementor-widget-container\">\n\t\t\t\t\t\t\t<p>\u00e9s la nostra satisfacci\u00f3 personal i professional.<\/p>\t\t\t\t\t\t<\/div>\n\t\t\t\t<\/div>\n\t\t\t\t<\/div>\n\t\t\t\t<\/div>\n\t\t\t\t<\/div>\n\t\t<div class=\"elementor-element elementor-element-80b4588 e-flex e-con-boxed e-con e-parent\" data-id=\"80b4588\" data-element_type=\"container\" data-settings=\"{&quot;background_background&quot;:&quot;classic&quot;}\">\n\t\t\t\t\t<div class=\"e-con-inner\">\n\t\t<div class=\"elementor-element elementor-element-01927fe e-con-full e-flex e-con e-child\" data-id=\"01927fe\" data-element_type=\"container\">\n\t\t\t\t<div class=\"elementor-element elementor-element-48294ae elementor-widget elementor-widget-image\" data-id=\"48294ae\" data-element_type=\"widget\" data-widget_type=\"image.default\">\n\t\t\t\t<div class=\"elementor-widget-container\">\n\t\t\t\t\t\t\t\t\t\t\t\t\t<img fetchpriority=\"high\" decoding=\"async\" width=\"640\" height=\"427\" src=\"https:\/\/www.carrocfincas.com\/wp-content\/uploads\/2024\/05\/der-civil.png\" class=\"attachment-full size-full wp-image-257\" alt=\"\" srcset=\"https:\/\/www.carrocfincas.com\/wp-content\/uploads\/2024\/05\/der-civil.png 640w, https:\/\/www.carrocfincas.com\/wp-content\/uploads\/2024\/05\/der-civil-300x200.png 300w\" sizes=\"(max-width: 640px) 100vw, 640px\" \/>\t\t\t\t\t\t\t\t\t\t\t\t\t<\/div>\n\t\t\t\t<\/div>\n\t\t\t\t<div class=\"elementor-element elementor-element-48f49b3 elementor-widget elementor-widget-heading\" data-id=\"48f49b3\" data-element_type=\"widget\" data-widget_type=\"heading.default\">\n\t\t\t\t<div class=\"elementor-widget-container\">\n\t\t\t<h2 class=\"elementor-heading-title elementor-size-default\">DRET CIVIL I DE FAM\u00cdLIA<\/h2>\t\t<\/div>\n\t\t\t\t<\/div>\n\t\t\t\t<\/div>\n\t\t<div class=\"elementor-element elementor-element-c42e7b1 e-con-full e-flex e-con e-child\" data-id=\"c42e7b1\" data-element_type=\"container\">\n\t\t\t\t<div class=\"elementor-element elementor-element-46754c1 elementor-widget elementor-widget-image\" data-id=\"46754c1\" data-element_type=\"widget\" data-widget_type=\"image.default\">\n\t\t\t\t<div class=\"elementor-widget-container\">\n\t\t\t\t\t\t\t\t\t\t\t\t\t<img decoding=\"async\" width=\"640\" height=\"427\" src=\"https:\/\/www.carrocfincas.com\/wp-content\/uploads\/2024\/05\/der-mercantil.png\" class=\"attachment-full size-full wp-image-259\" alt=\"\" srcset=\"https:\/\/www.carrocfincas.com\/wp-content\/uploads\/2024\/05\/der-mercantil.png 640w, https:\/\/www.carrocfincas.com\/wp-content\/uploads\/2024\/05\/der-mercantil-300x200.png 300w\" sizes=\"(max-width: 640px) 100vw, 640px\" \/>\t\t\t\t\t\t\t\t\t\t\t\t\t<\/div>\n\t\t\t\t<\/div>\n\t\t\t\t<div class=\"elementor-element elementor-element-1ed8973 elementor-widget elementor-widget-heading\" data-id=\"1ed8973\" data-element_type=\"widget\" data-widget_type=\"heading.default\">\n\t\t\t\t<div class=\"elementor-widget-container\">\n\t\t\t<h2 class=\"elementor-heading-title elementor-size-default\">DRET MERCANTIL<\/h2>\t\t<\/div>\n\t\t\t\t<\/div>\n\t\t\t\t<\/div>\n\t\t<div class=\"elementor-element elementor-element-f6252f9 e-con-full e-flex e-con e-child\" data-id=\"f6252f9\" data-element_type=\"container\">\n\t\t\t\t<div class=\"elementor-element elementor-element-1c07ab9 elementor-widget elementor-widget-image\" data-id=\"1c07ab9\" data-element_type=\"widget\" data-widget_type=\"image.default\">\n\t\t\t\t<div class=\"elementor-widget-container\">\n\t\t\t\t\t\t\t\t\t\t\t\t\t<img decoding=\"async\" width=\"640\" height=\"427\" src=\"https:\/\/www.carrocfincas.com\/wp-content\/uploads\/2024\/05\/der-laboral.png\" class=\"attachment-full size-full wp-image-261\" alt=\"\" srcset=\"https:\/\/www.carrocfincas.com\/wp-content\/uploads\/2024\/05\/der-laboral.png 640w, https:\/\/www.carrocfincas.com\/wp-content\/uploads\/2024\/05\/der-laboral-300x200.png 300w\" sizes=\"(max-width: 640px) 100vw, 640px\" \/>\t\t\t\t\t\t\t\t\t\t\t\t\t<\/div>\n\t\t\t\t<\/div>\n\t\t\t\t<div class=\"elementor-element elementor-element-d056487 elementor-widget elementor-widget-heading\" data-id=\"d056487\" data-element_type=\"widget\" data-widget_type=\"heading.default\">\n\t\t\t\t<div class=\"elementor-widget-container\">\n\t\t\t<h2 class=\"elementor-heading-title elementor-size-default\">DRET LABORAL<\/h2>\t\t<\/div>\n\t\t\t\t<\/div>\n\t\t\t\t<\/div>\n\t\t<div class=\"elementor-element elementor-element-0f1cbf7 e-con-full e-flex e-con e-child\" data-id=\"0f1cbf7\" data-element_type=\"container\">\n\t\t\t\t<div class=\"elementor-element elementor-element-f0a7513 elementor-widget elementor-widget-image\" data-id=\"f0a7513\" data-element_type=\"widget\" data-widget_type=\"image.default\">\n\t\t\t\t<div class=\"elementor-widget-container\">\n\t\t\t\t\t\t\t\t\t\t\t\t\t<img loading=\"lazy\" decoding=\"async\" width=\"640\" height=\"427\" src=\"https:\/\/www.carrocfincas.com\/wp-content\/uploads\/2024\/05\/der-penal.png\" class=\"attachment-full size-full wp-image-263\" alt=\"\" srcset=\"https:\/\/www.carrocfincas.com\/wp-content\/uploads\/2024\/05\/der-penal.png 640w, https:\/\/www.carrocfincas.com\/wp-content\/uploads\/2024\/05\/der-penal-300x200.png 300w\" sizes=\"(max-width: 640px) 100vw, 640px\" \/>\t\t\t\t\t\t\t\t\t\t\t\t\t<\/div>\n\t\t\t\t<\/div>\n\t\t\t\t<div class=\"elementor-element elementor-element-4290657 elementor-widget elementor-widget-heading\" data-id=\"4290657\" data-element_type=\"widget\" data-widget_type=\"heading.default\">\n\t\t\t\t<div class=\"elementor-widget-container\">\n\t\t\t<h2 class=\"elementor-heading-title elementor-size-default\">DRET PENAL\/COMPLIANCE<\/h2>\t\t<\/div>\n\t\t\t\t<\/div>\n\t\t\t\t<\/div>\n\t\t<div class=\"elementor-element elementor-element-7ba4333 e-con-full e-flex e-con e-child\" data-id=\"7ba4333\" data-element_type=\"container\">\n\t\t\t\t<div class=\"elementor-element elementor-element-2b8983e elementor-widget elementor-widget-image\" data-id=\"2b8983e\" data-element_type=\"widget\" data-widget_type=\"image.default\">\n\t\t\t\t<div class=\"elementor-widget-container\">\n\t\t\t\t\t\t\t\t\t\t\t\t\t<img loading=\"lazy\" decoding=\"async\" width=\"640\" height=\"427\" src=\"https:\/\/www.carrocfincas.com\/wp-content\/uploads\/2024\/05\/der-admin.png\" class=\"attachment-full size-full wp-image-265\" alt=\"\" srcset=\"https:\/\/www.carrocfincas.com\/wp-content\/uploads\/2024\/05\/der-admin.png 640w, https:\/\/www.carrocfincas.com\/wp-content\/uploads\/2024\/05\/der-admin-300x200.png 300w\" sizes=\"(max-width: 640px) 100vw, 640px\" \/>\t\t\t\t\t\t\t\t\t\t\t\t\t<\/div>\n\t\t\t\t<\/div>\n\t\t\t\t<div class=\"elementor-element elementor-element-d264a10 elementor-widget elementor-widget-heading\" data-id=\"d264a10\" data-element_type=\"widget\" data-widget_type=\"heading.default\">\n\t\t\t\t<div class=\"elementor-widget-container\">\n\t\t\t<h2 class=\"elementor-heading-title elementor-size-default\">DRET ADMINISTRATIU<\/h2>\t\t<\/div>\n\t\t\t\t<\/div>\n\t\t\t\t<\/div>\n\t\t<div class=\"elementor-element elementor-element-ef9b80c e-con-full e-flex e-con e-child\" data-id=\"ef9b80c\" data-element_type=\"container\">\n\t\t\t\t<div class=\"elementor-element elementor-element-dba398d elementor-widget elementor-widget-image\" data-id=\"dba398d\" data-element_type=\"widget\" data-widget_type=\"image.default\">\n\t\t\t\t<div class=\"elementor-widget-container\">\n\t\t\t\t\t\t\t\t\t\t\t\t\t<img loading=\"lazy\" decoding=\"async\" width=\"640\" height=\"427\" src=\"https:\/\/www.carrocfincas.com\/wp-content\/uploads\/2024\/05\/proteccion-datos.png\" class=\"attachment-full size-full wp-image-267\" alt=\"\" srcset=\"https:\/\/www.carrocfincas.com\/wp-content\/uploads\/2024\/05\/proteccion-datos.png 640w, https:\/\/www.carrocfincas.com\/wp-content\/uploads\/2024\/05\/proteccion-datos-300x200.png 300w\" sizes=\"(max-width: 640px) 100vw, 640px\" \/>\t\t\t\t\t\t\t\t\t\t\t\t\t<\/div>\n\t\t\t\t<\/div>\n\t\t\t\t<div class=\"elementor-element elementor-element-0b98587 elementor-widget elementor-widget-heading\" data-id=\"0b98587\" data-element_type=\"widget\" data-widget_type=\"heading.default\">\n\t\t\t\t<div class=\"elementor-widget-container\">\n\t\t\t<h2 class=\"elementor-heading-title elementor-size-default\">PROTECCI\u00d3 DE DADES<\/h2>\t\t<\/div>\n\t\t\t\t<\/div>\n\t\t\t\t<\/div>\n\t\t\t\t\t<\/div>\n\t\t\t\t<\/div>\n\t\t\t\t<\/div>\n\t\t","protected":false},"excerpt":{"rendered":"<p>SOM LA DEFENSA JUR\u00cdDICA QUE NECESSITES La satisfacci\u00f3 dels nostres clients \u00e9s la nostra satisfacci\u00f3 personal i professional. DRET CIVIL I DE FAM\u00cdLIA DRET MERCANTIL DRET LABORAL DRET PENAL\/COMPLIANCE DRET ADMINISTRATIU PROTECCI\u00d3 DE DADES<\/p>\n","protected":false},"author":1,"featured_media":0,"parent":0,"menu_order":0,"comment_status":"closed","ping_status":"closed","template":"","meta":{"footnotes":""},"class_list":["post-225","page","type-page","status-publish","hentry"],"yoast_head":"<!-- This site is optimized with the Yoast SEO plugin v25.1 - https:\/\/yoast.com\/wordpress\/plugins\/seo\/ -->\n<title>Jur\u00eddic - Carroc Fincas<\/title>\n<meta name=\"robots\" content=\"index, follow, max-snippet:-1, max-image-preview:large, max-video-preview:-1\" \/>\n<link rel=\"canonical\" href=\"https:\/\/www.carrocfincas.com\/ca\/juridic\/\" \/>\n<meta property=\"og:locale\" content=\"ca_ES\" \/>\n<meta property=\"og:type\" content=\"article\" \/>\n<meta property=\"og:title\" content=\"Jur\u00eddic - Carroc Fincas\" \/>\n<meta property=\"og:description\" content=\"SOM LA DEFENSA JUR\u00cdDICA QUE NECESSITES La satisfacci\u00f3 dels nostres clients \u00e9s la nostra satisfacci\u00f3 personal i professional. DRET CIVIL I DE FAM\u00cdLIA DRET MERCANTIL DRET LABORAL DRET PENAL\/COMPLIANCE DRET ADMINISTRATIU PROTECCI\u00d3 DE DADES\" \/>\n<meta property=\"og:url\" content=\"https:\/\/www.carrocfincas.com\/ca\/juridic\/\" \/>\n<meta property=\"og:site_name\" content=\"Carroc Fincas\" \/>\n<meta property=\"article:modified_time\" content=\"2025-05-23T08:27:43+00:00\" \/>\n<meta property=\"og:image\" content=\"https:\/\/www.carrocfincas.com\/wp-content\/uploads\/2024\/05\/der-civil.png\" \/>\n\t<meta property=\"og:image:width\" content=\"640\" \/>\n\t<meta property=\"og:image:height\" content=\"427\" \/>\n\t<meta property=\"og:image:type\" content=\"image\/png\" \/>\n<meta name=\"twitter:card\" content=\"summary_large_image\" \/>\n<meta name=\"twitter:label1\" content=\"Temps estimat de lectura\" \/>\n\t<meta name=\"twitter:data1\" content=\"2 minuts\" \/>\n<script type=\"application\/ld+json\" class=\"yoast-schema-graph\">{\"@context\":\"https:\/\/schema.org\",\"@graph\":[{\"@type\":\"WebPage\",\"@id\":\"https:\/\/www.carrocfincas.com\/ca\/juridic\/\",\"url\":\"https:\/\/www.carrocfincas.com\/ca\/juridic\/\",\"name\":\"Jur\u00eddic - Carroc Fincas\",\"isPartOf\":{\"@id\":\"https:\/\/www.carrocfincas.com\/ca\/#website\"},\"primaryImageOfPage\":{\"@id\":\"https:\/\/www.carrocfincas.com\/ca\/juridic\/#primaryimage\"},\"image\":{\"@id\":\"https:\/\/www.carrocfincas.com\/ca\/juridic\/#primaryimage\"},\"thumbnailUrl\":\"https:\/\/www.carrocfincas.com\/wp-content\/uploads\/2024\/05\/der-civil.png\",\"datePublished\":\"2024-03-05T09:08:18+00:00\",\"dateModified\":\"2025-05-23T08:27:43+00:00\",\"breadcrumb\":{\"@id\":\"https:\/\/www.carrocfincas.com\/ca\/juridic\/#breadcrumb\"},\"inLanguage\":\"ca\",\"potentialAction\":[{\"@type\":\"ReadAction\",\"target\":[\"https:\/\/www.carrocfincas.com\/ca\/juridic\/\"]}]},{\"@type\":\"ImageObject\",\"inLanguage\":\"ca\",\"@id\":\"https:\/\/www.carrocfincas.com\/ca\/juridic\/#primaryimage\",\"url\":\"https:\/\/www.carrocfincas.com\/wp-content\/uploads\/2024\/05\/der-civil.png\",\"contentUrl\":\"https:\/\/www.carrocfincas.com\/wp-content\/uploads\/2024\/05\/der-civil.png\"},{\"@type\":\"BreadcrumbList\",\"@id\":\"https:\/\/www.carrocfincas.com\/ca\/juridic\/#breadcrumb\",\"itemListElement\":[{\"@type\":\"ListItem\",\"position\":1,\"name\":\"Portada\",\"item\":\"https:\/\/www.carrocfincas.com\/ca\/\"},{\"@type\":\"ListItem\",\"position\":2,\"name\":\"Jur\u00eddic\"}]},{\"@type\":\"WebSite\",\"@id\":\"https:\/\/www.carrocfincas.com\/ca\/#website\",\"url\":\"https:\/\/www.carrocfincas.com\/ca\/\",\"name\":\"Carroc Fincas\",\"description\":\"\",\"publisher\":{\"@id\":\"https:\/\/www.carrocfincas.com\/ca\/#organization\"},\"potentialAction\":[{\"@type\":\"SearchAction\",\"target\":{\"@type\":\"EntryPoint\",\"urlTemplate\":\"https:\/\/www.carrocfincas.com\/ca\/?s={search_term_string}\"},\"query-input\":{\"@type\":\"PropertyValueSpecification\",\"valueRequired\":true,\"valueName\":\"search_term_string\"}}],\"inLanguage\":\"ca\"},{\"@type\":\"Organization\",\"@id\":\"https:\/\/www.carrocfincas.com\/ca\/#organization\",\"name\":\"Carroc Fincas\",\"url\":\"https:\/\/www.carrocfincas.com\/ca\/\",\"logo\":{\"@type\":\"ImageObject\",\"inLanguage\":\"ca\",\"@id\":\"https:\/\/www.carrocfincas.com\/ca\/#\/schema\/logo\/image\/\",\"url\":\"https:\/\/www.carrocfincas.com\/wp-content\/uploads\/2024\/03\/logo-carroc-tr.png\",\"contentUrl\":\"https:\/\/www.carrocfincas.com\/wp-content\/uploads\/2024\/03\/logo-carroc-tr.png\",\"width\":419,\"height\":124,\"caption\":\"Carroc Fincas\"},\"image\":{\"@id\":\"https:\/\/www.carrocfincas.com\/ca\/#\/schema\/logo\/image\/\"}}]}<\/script>\n<!-- \/ Yoast SEO plugin. -->","yoast_head_json":{"title":"Jur\u00eddic - Carroc Fincas","robots":{"index":"index","follow":"follow","max-snippet":"max-snippet:-1","max-image-preview":"max-image-preview:large","max-video-preview":"max-video-preview:-1"},"canonical":"https:\/\/www.carrocfincas.com\/ca\/juridic\/","og_locale":"ca_ES","og_type":"article","og_title":"Jur\u00eddic - Carroc Fincas","og_description":"SOM LA DEFENSA JUR\u00cdDICA QUE NECESSITES La satisfacci\u00f3 dels nostres clients \u00e9s la nostra satisfacci\u00f3 personal i professional. DRET CIVIL I DE FAM\u00cdLIA DRET MERCANTIL DRET LABORAL DRET PENAL\/COMPLIANCE DRET ADMINISTRATIU PROTECCI\u00d3 DE DADES","og_url":"https:\/\/www.carrocfincas.com\/ca\/juridic\/","og_site_name":"Carroc Fincas","article_modified_time":"2025-05-23T08:27:43+00:00","og_image":[{"width":640,"height":427,"url":"https:\/\/www.carrocfincas.com\/wp-content\/uploads\/2024\/05\/der-civil.png","type":"image\/png"}],"twitter_card":"summary_large_image","twitter_misc":{"Temps estimat de lectura":"2 minuts"},"schema":{"@context":"https:\/\/schema.org","@graph":[{"@type":"WebPage","@id":"https:\/\/www.carrocfincas.com\/ca\/juridic\/","url":"https:\/\/www.carrocfincas.com\/ca\/juridic\/","name":"Jur\u00eddic - Carroc Fincas","isPartOf":{"@id":"https:\/\/www.carrocfincas.com\/ca\/#website"},"primaryImageOfPage":{"@id":"https:\/\/www.carrocfincas.com\/ca\/juridic\/#primaryimage"},"image":{"@id":"https:\/\/www.carrocfincas.com\/ca\/juridic\/#primaryimage"},"thumbnailUrl":"https:\/\/www.carrocfincas.com\/wp-content\/uploads\/2024\/05\/der-civil.png","datePublished":"2024-03-05T09:08:18+00:00","dateModified":"2025-05-23T08:27:43+00:00","breadcrumb":{"@id":"https:\/\/www.carrocfincas.com\/ca\/juridic\/#breadcrumb"},"inLanguage":"ca","potentialAction":[{"@type":"ReadAction","target":["https:\/\/www.carrocfincas.com\/ca\/juridic\/"]}]},{"@type":"ImageObject","inLanguage":"ca","@id":"https:\/\/www.carrocfincas.com\/ca\/juridic\/#primaryimage","url":"https:\/\/www.carrocfincas.com\/wp-content\/uploads\/2024\/05\/der-civil.png","contentUrl":"https:\/\/www.carrocfincas.com\/wp-content\/uploads\/2024\/05\/der-civil.png"},{"@type":"BreadcrumbList","@id":"https:\/\/www.carrocfincas.com\/ca\/juridic\/#breadcrumb","itemListElement":[{"@type":"ListItem","position":1,"name":"Portada","item":"https:\/\/www.carrocfincas.com\/ca\/"},{"@type":"ListItem","position":2,"name":"Jur\u00eddic"}]},{"@type":"WebSite","@id":"https:\/\/www.carrocfincas.com\/ca\/#website","url":"https:\/\/www.carrocfincas.com\/ca\/","name":"Carroc Fincas","description":"","publisher":{"@id":"https:\/\/www.carrocfincas.com\/ca\/#organization"},"potentialAction":[{"@type":"SearchAction","target":{"@type":"EntryPoint","urlTemplate":"https:\/\/www.carrocfincas.com\/ca\/?s={search_term_string}"},"query-input":{"@type":"PropertyValueSpecification","valueRequired":true,"valueName":"search_term_string"}}],"inLanguage":"ca"},{"@type":"Organization","@id":"https:\/\/www.carrocfincas.com\/ca\/#organization","name":"Carroc Fincas","url":"https:\/\/www.carrocfincas.com\/ca\/","logo":{"@type":"ImageObject","inLanguage":"ca","@id":"https:\/\/www.carrocfincas.com\/ca\/#\/schema\/logo\/image\/","url":"https:\/\/www.carrocfincas.com\/wp-content\/uploads\/2024\/03\/logo-carroc-tr.png","contentUrl":"https:\/\/www.carrocfincas.com\/wp-content\/uploads\/2024\/03\/logo-carroc-tr.png","width":419,"height":124,"caption":"Carroc Fincas"},"image":{"@id":"https:\/\/www.carrocfincas.com\/ca\/#\/schema\/logo\/image\/"}}]}},"_links":{"self":[{"href":"https:\/\/www.carrocfincas.com\/ca\/wp-json\/wp\/v2\/pages\/225","targetHints":{"allow":["GET"]}}],"collection":[{"href":"https:\/\/www.carrocfincas.com\/ca\/wp-json\/wp\/v2\/pages"}],"about":[{"href":"https:\/\/www.carrocfincas.com\/ca\/wp-json\/wp\/v2\/types\/page"}],"author":[{"embeddable":true,"href":"https:\/\/www.carrocfincas.com\/ca\/wp-json\/wp\/v2\/users\/1"}],"replies":[{"embeddable":true,"href":"https:\/\/www.carrocfincas.com\/ca\/wp-json\/wp\/v2\/comments?post=225"}],"version-history":[{"count":0,"href":"https:\/\/www.carrocfincas.com\/ca\/wp-json\/wp\/v2\/pages\/225\/revisions"}],"wp:attachment":[{"href":"https:\/\/www.carrocfincas.com\/ca\/wp-json\/wp\/v2\/media?parent=225"}],"curies":[{"name":"wp","href":"https:\/\/api.w.org\/{rel}","templated":true}]}}