{"id":332,"date":"2025-07-14T12:00:12","date_gmt":"2025-07-14T10:00:12","guid":{"rendered":"https:\/\/www.carrocfincas.com\/?page_id=332"},"modified":"2025-08-26T16:17:22","modified_gmt":"2025-08-26T14:17:22","slug":"corredoria-assegurances","status":"publish","type":"page","link":"https:\/\/www.carrocfincas.com\/ca\/corredoria-assegurances\/","title":{"rendered":"Corredoria d&#8217;Assegurances"},"content":{"rendered":"\t\t<div data-elementor-type=\"wp-page\" data-elementor-id=\"332\" class=\"elementor elementor-332 elementor-309\" data-elementor-post-type=\"page\">\n\t\t\t\t<div class=\"elementor-element elementor-element-f8b24bb e-con-full e-flex e-con e-parent\" data-id=\"f8b24bb\" data-element_type=\"container\" data-settings=\"{&quot;background_background&quot;:&quot;classic&quot;}\">\n\t\t<div class=\"elementor-element elementor-element-6e85105 e-con-full e-flex e-con e-child\" data-id=\"6e85105\" data-element_type=\"container\">\n\t\t<div class=\"elementor-element elementor-element-2668016 e-con-full e-flex e-con e-child\" data-id=\"2668016\" data-element_type=\"container\" data-settings=\"{&quot;background_background&quot;:&quot;classic&quot;}\">\n\t\t\t\t<div class=\"elementor-element elementor-element-3c41355 bloque-titulo-seguros elementor-widget elementor-widget-text-editor\" data-id=\"3c41355\" data-element_type=\"widget\" data-widget_type=\"text-editor.default\">\n\t\t\t\t<div class=\"elementor-widget-container\">\n\t\t\t\t\t\t\t<h1>Corredoria d&#8217;Assegurances<\/h1><p>A Carroc Finques t&#8217;oferim un servei integral de corredoria d&#8217;assegurances, orientat tant a particulars com a comunitats i empreses. Treballem tots els rams de l&#8217;asseguran\u00e7a, amb la independ\u00e8ncia i el suport d&#8217;una \u00e0mplia xarxa de col\u00b7laboradors l\u00edders en el sector.<\/p><p>Gr\u00e0cies als nostres convenis amb les principals asseguradores del mercat, et garantim sempre la millor opci\u00f3 en relaci\u00f3 qualitat-preu, adaptada a les teves necessitats espec\u00edfiques.<\/p>\t\t\t\t\t\t<\/div>\n\t\t\t\t<\/div>\n\t\t\t\t<\/div>\n\t\t\t\t<\/div>\n\t\t\t\t<\/div>\n\t\t<div class=\"elementor-element elementor-element-c43bd12 e-con-full e-flex e-con e-parent\" data-id=\"c43bd12\" data-element_type=\"container\" data-settings=\"{&quot;background_background&quot;:&quot;classic&quot;}\">\n\t\t<div class=\"elementor-element elementor-element-60b3982 e-con-full e-flex e-con e-child\" data-id=\"60b3982\" data-element_type=\"container\">\n\t\t\t\t<div class=\"elementor-element elementor-element-728e798 elementor-widget-tablet__width-inherit elementor-widget elementor-widget-text-editor\" data-id=\"728e798\" data-element_type=\"widget\" data-widget_type=\"text-editor.default\">\n\t\t\t\t<div class=\"elementor-widget-container\">\n\t\t\t\t\t\t\t<p style=\"font-size: 30px; font-weight: bold; color: #ffa300;\">Qu\u00e8 oferim?<\/p>\n\n<h3>Assegurances de llar, vida i salut, amb cobertures flexibles i personalitzades.<\/h3>\t\t\t\t\t\t<\/div>\n\t\t\t\t<\/div>\n\t\t\t\t<\/div>\n\t\t\t\t<\/div>\n\t\t<div class=\"elementor-element elementor-element-9fa2807 e-grid e-con-boxed e-con e-parent\" data-id=\"9fa2807\" data-element_type=\"container\">\n\t\t\t\t\t<div class=\"e-con-inner\">\n\t\t<div class=\"elementor-element elementor-element-65a1a48 e-con-full e-flex e-con e-child\" data-id=\"65a1a48\" data-element_type=\"container\">\n\t\t\t\t<div class=\"elementor-element elementor-element-cd8ce4c titulo-servicio-seguros elementor-widget elementor-widget-heading\" data-id=\"cd8ce4c\" data-element_type=\"widget\" data-widget_type=\"heading.default\">\n\t\t\t\t<div class=\"elementor-widget-container\">\n\t\t\t<h2 class=\"elementor-heading-title elementor-size-default\">Assegurances per a comunitats<\/h2>\t\t<\/div>\n\t\t\t\t<\/div>\n\t\t\t\t<div class=\"elementor-element elementor-element-cf37636 elementor-widget elementor-widget-image\" data-id=\"cf37636\" data-element_type=\"widget\" data-widget_type=\"image.default\">\n\t\t\t\t<div class=\"elementor-widget-container\">\n\t\t\t\t\t\t\t\t\t\t\t\t\t<img fetchpriority=\"high\" decoding=\"async\" width=\"800\" height=\"534\" src=\"https:\/\/www.carrocfincas.com\/wp-content\/uploads\/2025\/08\/seguros-de-comunidades-vecinos.webp\" class=\"attachment-large size-large wp-image-329\" alt=\"\" srcset=\"https:\/\/www.carrocfincas.com\/wp-content\/uploads\/2025\/08\/seguros-de-comunidades-vecinos.webp 1000w, https:\/\/www.carrocfincas.com\/wp-content\/uploads\/2025\/08\/seguros-de-comunidades-vecinos-300x200.webp 300w, https:\/\/www.carrocfincas.com\/wp-content\/uploads\/2025\/08\/seguros-de-comunidades-vecinos-768x512.webp 768w\" sizes=\"(max-width: 800px) 100vw, 800px\" \/>\t\t\t\t\t\t\t\t\t\t\t\t\t<\/div>\n\t\t\t\t<\/div>\n\t\t\t\t<div class=\"elementor-element elementor-element-0bf8cce elementor-widget elementor-widget-text-editor\" data-id=\"0bf8cce\" data-element_type=\"widget\" data-widget_type=\"text-editor.default\">\n\t\t\t\t<div class=\"elementor-widget-container\">\n\t\t\t\t\t\t\t<p>Dissenyats especialment per a cobrir riscos en propietats horitzontals.<\/p>\t\t\t\t\t\t<\/div>\n\t\t\t\t<\/div>\n\t\t\t\t<\/div>\n\t\t<div class=\"elementor-element elementor-element-e1d17ab e-con-full e-flex e-con e-child\" data-id=\"e1d17ab\" data-element_type=\"container\">\n\t\t\t\t<div class=\"elementor-element elementor-element-3c1ae4d titulo-servicio-seguros elementor-widget elementor-widget-heading\" data-id=\"3c1ae4d\" data-element_type=\"widget\" data-widget_type=\"heading.default\">\n\t\t\t\t<div class=\"elementor-widget-container\">\n\t\t\t<h2 class=\"elementor-heading-title elementor-size-default\">Assegurances per a pimes i aut\u00f2noms<\/h2>\t\t<\/div>\n\t\t\t\t<\/div>\n\t\t\t\t<div class=\"elementor-element elementor-element-b50983a elementor-widget elementor-widget-image\" data-id=\"b50983a\" data-element_type=\"widget\" data-widget_type=\"image.default\">\n\t\t\t\t<div class=\"elementor-widget-container\">\n\t\t\t\t\t\t\t\t\t\t\t\t\t<img decoding=\"async\" width=\"800\" height=\"534\" src=\"https:\/\/www.carrocfincas.com\/wp-content\/uploads\/2025\/08\/seguros-pymes-autonomos.webp\" class=\"attachment-large size-large wp-image-325\" alt=\"\" srcset=\"https:\/\/www.carrocfincas.com\/wp-content\/uploads\/2025\/08\/seguros-pymes-autonomos.webp 1000w, https:\/\/www.carrocfincas.com\/wp-content\/uploads\/2025\/08\/seguros-pymes-autonomos-300x200.webp 300w, https:\/\/www.carrocfincas.com\/wp-content\/uploads\/2025\/08\/seguros-pymes-autonomos-768x512.webp 768w\" sizes=\"(max-width: 800px) 100vw, 800px\" \/>\t\t\t\t\t\t\t\t\t\t\t\t\t<\/div>\n\t\t\t\t<\/div>\n\t\t\t\t<div class=\"elementor-element elementor-element-f46baf7 elementor-widget elementor-widget-text-editor\" data-id=\"f46baf7\" data-element_type=\"widget\" data-widget_type=\"text-editor.default\">\n\t\t\t\t<div class=\"elementor-widget-container\">\n\t\t\t\t\t\t\t<p>Incloent responsabilitat civil, multirisc i ciberseguretat.<\/p>\t\t\t\t\t\t<\/div>\n\t\t\t\t<\/div>\n\t\t\t\t<\/div>\n\t\t<div class=\"elementor-element elementor-element-eb27143 e-con-full e-flex e-con e-child\" data-id=\"eb27143\" data-element_type=\"container\">\n\t\t\t\t<div class=\"elementor-element elementor-element-aec4775 titulo-servicio-seguros elementor-widget elementor-widget-heading\" data-id=\"aec4775\" data-element_type=\"widget\" data-widget_type=\"heading.default\">\n\t\t\t\t<div class=\"elementor-widget-container\">\n\t\t\t<h2 class=\"elementor-heading-title elementor-size-default\">Assegurances de vehicles, viatges, decessos i m\u00e9s<\/h2>\t\t<\/div>\n\t\t\t\t<\/div>\n\t\t\t\t<div class=\"elementor-element elementor-element-a92eff4 elementor-widget elementor-widget-image\" data-id=\"a92eff4\" data-element_type=\"widget\" data-widget_type=\"image.default\">\n\t\t\t\t<div class=\"elementor-widget-container\">\n\t\t\t\t\t\t\t\t\t\t\t\t\t<img decoding=\"async\" width=\"800\" height=\"534\" src=\"https:\/\/www.carrocfincas.com\/wp-content\/uploads\/2025\/08\/seguros-vehiculos-viajes.webp\" class=\"attachment-large size-large wp-image-327\" alt=\"\" srcset=\"https:\/\/www.carrocfincas.com\/wp-content\/uploads\/2025\/08\/seguros-vehiculos-viajes.webp 1000w, https:\/\/www.carrocfincas.com\/wp-content\/uploads\/2025\/08\/seguros-vehiculos-viajes-300x200.webp 300w, https:\/\/www.carrocfincas.com\/wp-content\/uploads\/2025\/08\/seguros-vehiculos-viajes-768x512.webp 768w\" sizes=\"(max-width: 800px) 100vw, 800px\" \/>\t\t\t\t\t\t\t\t\t\t\t\t\t<\/div>\n\t\t\t\t<\/div>\n\t\t\t\t<div class=\"elementor-element elementor-element-86e48ee elementor-widget elementor-widget-text-editor\" data-id=\"86e48ee\" data-element_type=\"widget\" data-widget_type=\"text-editor.default\">\n\t\t\t\t<div class=\"elementor-widget-container\">\n\t\t\t\t\t\t\t<p>Amb assessorament expert i atenci\u00f3 pr\u00f2xima.<\/p>\t\t\t\t\t\t<\/div>\n\t\t\t\t<\/div>\n\t\t\t\t<\/div>\n\t\t\t\t\t<\/div>\n\t\t\t\t<\/div>\n\t\t\t\t<\/div>\n\t\t","protected":false},"excerpt":{"rendered":"<p>Corredoria d&#8217;Assegurances A Carroc Finques t&#8217;oferim un servei integral de corredoria d&#8217;assegurances, orientat tant a particulars com a comunitats i empreses. Treballem tots els rams de l&#8217;asseguran\u00e7a, amb la independ\u00e8ncia i el suport d&#8217;una \u00e0mplia xarxa de col\u00b7laboradors l\u00edders en el sector. Gr\u00e0cies als nostres convenis amb les principals asseguradores del mercat, et garantim sempre [&hellip;]<\/p>\n","protected":false},"author":1,"featured_media":0,"parent":0,"menu_order":0,"comment_status":"closed","ping_status":"closed","template":"","meta":{"footnotes":""},"class_list":["post-332","page","type-page","status-publish","hentry"],"yoast_head":"<!-- This site is optimized with the Yoast SEO plugin v25.1 - https:\/\/yoast.com\/wordpress\/plugins\/seo\/ -->\n<title>Assegurances de comunitats de ve\u00efns, aut\u00f2noms, vehicles i viatges<\/title>\n<meta name=\"description\" content=\"Corredoria d&#039;assegurances de llar, vida i salut, per a pimes i aut\u00f2noms, i per a vehicles, viatges amb assessorament expert d&#039;assegurances\" \/>\n<meta name=\"robots\" content=\"index, follow, max-snippet:-1, max-image-preview:large, max-video-preview:-1\" \/>\n<link rel=\"canonical\" href=\"https:\/\/www.carrocfincas.com\/ca\/corredoria-assegurances\/\" \/>\n<meta property=\"og:locale\" content=\"ca_ES\" \/>\n<meta property=\"og:type\" content=\"article\" \/>\n<meta property=\"og:title\" content=\"Assegurances de comunitats de ve\u00efns, aut\u00f2noms, vehicles i viatges\" \/>\n<meta property=\"og:description\" content=\"Corredoria d&#039;assegurances de llar, vida i salut, per a pimes i aut\u00f2noms, i per a vehicles, viatges amb assessorament expert d&#039;assegurances\" \/>\n<meta property=\"og:url\" content=\"https:\/\/www.carrocfincas.com\/ca\/corredoria-assegurances\/\" \/>\n<meta property=\"og:site_name\" content=\"Carroc Fincas\" \/>\n<meta property=\"article:modified_time\" content=\"2025-08-26T14:17:22+00:00\" \/>\n<meta property=\"og:image\" content=\"https:\/\/www.carrocfincas.com\/wp-content\/uploads\/2025\/08\/seguros-de-comunidades-vecinos.webp\" \/>\n\t<meta property=\"og:image:width\" content=\"1000\" \/>\n\t<meta property=\"og:image:height\" content=\"667\" \/>\n\t<meta property=\"og:image:type\" content=\"image\/webp\" \/>\n<meta name=\"twitter:card\" content=\"summary_large_image\" \/>\n<meta name=\"twitter:label1\" content=\"Temps estimat de lectura\" \/>\n\t<meta name=\"twitter:data1\" content=\"2 minuts\" \/>\n<script type=\"application\/ld+json\" class=\"yoast-schema-graph\">{\"@context\":\"https:\/\/schema.org\",\"@graph\":[{\"@type\":\"WebPage\",\"@id\":\"https:\/\/www.carrocfincas.com\/ca\/corredoria-assegurances\/\",\"url\":\"https:\/\/www.carrocfincas.com\/ca\/corredoria-assegurances\/\",\"name\":\"Assegurances de comunitats de ve\u00efns, aut\u00f2noms, vehicles i viatges\",\"isPartOf\":{\"@id\":\"https:\/\/www.carrocfincas.com\/ca\/#website\"},\"primaryImageOfPage\":{\"@id\":\"https:\/\/www.carrocfincas.com\/ca\/corredoria-assegurances\/#primaryimage\"},\"image\":{\"@id\":\"https:\/\/www.carrocfincas.com\/ca\/corredoria-assegurances\/#primaryimage\"},\"thumbnailUrl\":\"https:\/\/www.carrocfincas.com\/wp-content\/uploads\/2025\/08\/seguros-de-comunidades-vecinos.webp\",\"datePublished\":\"2025-07-14T10:00:12+00:00\",\"dateModified\":\"2025-08-26T14:17:22+00:00\",\"description\":\"Corredoria d'assegurances de llar, vida i salut, per a pimes i aut\u00f2noms, i per a vehicles, viatges amb assessorament expert d'assegurances\",\"breadcrumb\":{\"@id\":\"https:\/\/www.carrocfincas.com\/ca\/corredoria-assegurances\/#breadcrumb\"},\"inLanguage\":\"ca\",\"potentialAction\":[{\"@type\":\"ReadAction\",\"target\":[\"https:\/\/www.carrocfincas.com\/ca\/corredoria-assegurances\/\"]}]},{\"@type\":\"ImageObject\",\"inLanguage\":\"ca\",\"@id\":\"https:\/\/www.carrocfincas.com\/ca\/corredoria-assegurances\/#primaryimage\",\"url\":\"https:\/\/www.carrocfincas.com\/wp-content\/uploads\/2025\/08\/seguros-de-comunidades-vecinos.webp\",\"contentUrl\":\"https:\/\/www.carrocfincas.com\/wp-content\/uploads\/2025\/08\/seguros-de-comunidades-vecinos.webp\"},{\"@type\":\"BreadcrumbList\",\"@id\":\"https:\/\/www.carrocfincas.com\/ca\/corredoria-assegurances\/#breadcrumb\",\"itemListElement\":[{\"@type\":\"ListItem\",\"position\":1,\"name\":\"Portada\",\"item\":\"https:\/\/www.carrocfincas.com\/ca\/\"},{\"@type\":\"ListItem\",\"position\":2,\"name\":\"Corredoria d&#8217;Assegurances\"}]},{\"@type\":\"WebSite\",\"@id\":\"https:\/\/www.carrocfincas.com\/ca\/#website\",\"url\":\"https:\/\/www.carrocfincas.com\/ca\/\",\"name\":\"Carroc Fincas\",\"description\":\"\",\"publisher\":{\"@id\":\"https:\/\/www.carrocfincas.com\/ca\/#organization\"},\"potentialAction\":[{\"@type\":\"SearchAction\",\"target\":{\"@type\":\"EntryPoint\",\"urlTemplate\":\"https:\/\/www.carrocfincas.com\/ca\/?s={search_term_string}\"},\"query-input\":{\"@type\":\"PropertyValueSpecification\",\"valueRequired\":true,\"valueName\":\"search_term_string\"}}],\"inLanguage\":\"ca\"},{\"@type\":\"Organization\",\"@id\":\"https:\/\/www.carrocfincas.com\/ca\/#organization\",\"name\":\"Carroc Fincas\",\"url\":\"https:\/\/www.carrocfincas.com\/ca\/\",\"logo\":{\"@type\":\"ImageObject\",\"inLanguage\":\"ca\",\"@id\":\"https:\/\/www.carrocfincas.com\/ca\/#\/schema\/logo\/image\/\",\"url\":\"https:\/\/www.carrocfincas.com\/wp-content\/uploads\/2024\/03\/logo-carroc-tr.png\",\"contentUrl\":\"https:\/\/www.carrocfincas.com\/wp-content\/uploads\/2024\/03\/logo-carroc-tr.png\",\"width\":419,\"height\":124,\"caption\":\"Carroc Fincas\"},\"image\":{\"@id\":\"https:\/\/www.carrocfincas.com\/ca\/#\/schema\/logo\/image\/\"}}]}<\/script>\n<!-- \/ Yoast SEO plugin. -->","yoast_head_json":{"title":"Assegurances de comunitats de ve\u00efns, aut\u00f2noms, vehicles i viatges","description":"Corredoria d'assegurances de llar, vida i salut, per a pimes i aut\u00f2noms, i per a vehicles, viatges amb assessorament expert d'assegurances","robots":{"index":"index","follow":"follow","max-snippet":"max-snippet:-1","max-image-preview":"max-image-preview:large","max-video-preview":"max-video-preview:-1"},"canonical":"https:\/\/www.carrocfincas.com\/ca\/corredoria-assegurances\/","og_locale":"ca_ES","og_type":"article","og_title":"Assegurances de comunitats de ve\u00efns, aut\u00f2noms, vehicles i viatges","og_description":"Corredoria d'assegurances de llar, vida i salut, per a pimes i aut\u00f2noms, i per a vehicles, viatges amb assessorament expert d'assegurances","og_url":"https:\/\/www.carrocfincas.com\/ca\/corredoria-assegurances\/","og_site_name":"Carroc Fincas","article_modified_time":"2025-08-26T14:17:22+00:00","og_image":[{"width":1000,"height":667,"url":"https:\/\/www.carrocfincas.com\/wp-content\/uploads\/2025\/08\/seguros-de-comunidades-vecinos.webp","type":"image\/webp"}],"twitter_card":"summary_large_image","twitter_misc":{"Temps estimat de lectura":"2 minuts"},"schema":{"@context":"https:\/\/schema.org","@graph":[{"@type":"WebPage","@id":"https:\/\/www.carrocfincas.com\/ca\/corredoria-assegurances\/","url":"https:\/\/www.carrocfincas.com\/ca\/corredoria-assegurances\/","name":"Assegurances de comunitats de ve\u00efns, aut\u00f2noms, vehicles i viatges","isPartOf":{"@id":"https:\/\/www.carrocfincas.com\/ca\/#website"},"primaryImageOfPage":{"@id":"https:\/\/www.carrocfincas.com\/ca\/corredoria-assegurances\/#primaryimage"},"image":{"@id":"https:\/\/www.carrocfincas.com\/ca\/corredoria-assegurances\/#primaryimage"},"thumbnailUrl":"https:\/\/www.carrocfincas.com\/wp-content\/uploads\/2025\/08\/seguros-de-comunidades-vecinos.webp","datePublished":"2025-07-14T10:00:12+00:00","dateModified":"2025-08-26T14:17:22+00:00","description":"Corredoria d'assegurances de llar, vida i salut, per a pimes i aut\u00f2noms, i per a vehicles, viatges amb assessorament expert d'assegurances","breadcrumb":{"@id":"https:\/\/www.carrocfincas.com\/ca\/corredoria-assegurances\/#breadcrumb"},"inLanguage":"ca","potentialAction":[{"@type":"ReadAction","target":["https:\/\/www.carrocfincas.com\/ca\/corredoria-assegurances\/"]}]},{"@type":"ImageObject","inLanguage":"ca","@id":"https:\/\/www.carrocfincas.com\/ca\/corredoria-assegurances\/#primaryimage","url":"https:\/\/www.carrocfincas.com\/wp-content\/uploads\/2025\/08\/seguros-de-comunidades-vecinos.webp","contentUrl":"https:\/\/www.carrocfincas.com\/wp-content\/uploads\/2025\/08\/seguros-de-comunidades-vecinos.webp"},{"@type":"BreadcrumbList","@id":"https:\/\/www.carrocfincas.com\/ca\/corredoria-assegurances\/#breadcrumb","itemListElement":[{"@type":"ListItem","position":1,"name":"Portada","item":"https:\/\/www.carrocfincas.com\/ca\/"},{"@type":"ListItem","position":2,"name":"Corredoria d&#8217;Assegurances"}]},{"@type":"WebSite","@id":"https:\/\/www.carrocfincas.com\/ca\/#website","url":"https:\/\/www.carrocfincas.com\/ca\/","name":"Carroc Fincas","description":"","publisher":{"@id":"https:\/\/www.carrocfincas.com\/ca\/#organization"},"potentialAction":[{"@type":"SearchAction","target":{"@type":"EntryPoint","urlTemplate":"https:\/\/www.carrocfincas.com\/ca\/?s={search_term_string}"},"query-input":{"@type":"PropertyValueSpecification","valueRequired":true,"valueName":"search_term_string"}}],"inLanguage":"ca"},{"@type":"Organization","@id":"https:\/\/www.carrocfincas.com\/ca\/#organization","name":"Carroc Fincas","url":"https:\/\/www.carrocfincas.com\/ca\/","logo":{"@type":"ImageObject","inLanguage":"ca","@id":"https:\/\/www.carrocfincas.com\/ca\/#\/schema\/logo\/image\/","url":"https:\/\/www.carrocfincas.com\/wp-content\/uploads\/2024\/03\/logo-carroc-tr.png","contentUrl":"https:\/\/www.carrocfincas.com\/wp-content\/uploads\/2024\/03\/logo-carroc-tr.png","width":419,"height":124,"caption":"Carroc Fincas"},"image":{"@id":"https:\/\/www.carrocfincas.com\/ca\/#\/schema\/logo\/image\/"}}]}},"_links":{"self":[{"href":"https:\/\/www.carrocfincas.com\/ca\/wp-json\/wp\/v2\/pages\/332","targetHints":{"allow":["GET"]}}],"collection":[{"href":"https:\/\/www.carrocfincas.com\/ca\/wp-json\/wp\/v2\/pages"}],"about":[{"href":"https:\/\/www.carrocfincas.com\/ca\/wp-json\/wp\/v2\/types\/page"}],"author":[{"embeddable":true,"href":"https:\/\/www.carrocfincas.com\/ca\/wp-json\/wp\/v2\/users\/1"}],"replies":[{"embeddable":true,"href":"https:\/\/www.carrocfincas.com\/ca\/wp-json\/wp\/v2\/comments?post=332"}],"version-history":[{"count":0,"href":"https:\/\/www.carrocfincas.com\/ca\/wp-json\/wp\/v2\/pages\/332\/revisions"}],"wp:attachment":[{"href":"https:\/\/www.carrocfincas.com\/ca\/wp-json\/wp\/v2\/media?parent=332"}],"curies":[{"name":"wp","href":"https:\/\/api.w.org\/{rel}","templated":true}]}}